{"id":15,"date":"2018-02-28T16:24:42","date_gmt":"2018-02-28T15:24:42","guid":{"rendered":"http:\/\/www.echiquierdugatinais.fr\/echiquiergatinais\/?page_id=15"},"modified":"2026-01-25T18:44:48","modified_gmt":"2026-01-25T17:44:48","slug":"accueil","status":"publish","type":"page","link":"https:\/\/www.echiquierdugatinais.fr\/","title":{"rendered":"Bienvenue \u00e0 l\u2019\u00c9chiquier du G\u00e2tinais !"},"content":{"rendered":"\t\t<div data-elementor-type=\"wp-page\" data-elementor-id=\"15\" class=\"elementor elementor-15\">\n\t\t\t\t\t\t<div class=\"elementor-inner\">\n\t\t\t\t<div class=\"elementor-section-wrap\">\n\t\t\t\t\t\t\t\t\t<section class=\"elementor-section elementor-top-section elementor-element elementor-element-6bbc1bce elementor-section-boxed elementor-section-height-default elementor-section-height-default\" data-id=\"6bbc1bce\" data-element_type=\"section\">\n\t\t\t\t\t\t<div class=\"elementor-container elementor-column-gap-default\">\n\t\t\t\t\t\t\t<div class=\"elementor-row\">\n\t\t\t\t\t<div class=\"elementor-column elementor-col-100 elementor-top-column elementor-element elementor-element-277277b4\" data-id=\"277277b4\" data-element_type=\"column\">\n\t\t\t<div class=\"elementor-column-wrap elementor-element-populated\">\n\t\t\t\t\t\t\t<div class=\"elementor-widget-wrap\">\n\t\t\t\t\t\t<div class=\"elementor-element elementor-element-4de5e760 elementor-widget elementor-widget-text-editor\" data-id=\"4de5e760\" data-element_type=\"widget\" data-widget_type=\"text-editor.default\">\n\t\t\t\t<div class=\"elementor-widget-container\">\n\t\t\t\t\t\t\t\t<div class=\"elementor-text-editor elementor-clearfix\">\n\t\t\t\t<h1 style=\"text-align: left;\" align=\"center\"><span style=\"color: #3366ff;\"><span style=\"font-size: 32px;\">Ouvert le vendredi soir<br \/><\/span><\/span><\/h1>\n<p>\u00e0 la\u00a0<a href=\"https:\/\/www.google.fr\/maps\/place\/213+Rue+de+la+Gare,+45200+Amilly\/@47.9738233,2.7710607,17z\/data=!3m1!4b1!4m5!3m4!1s0x47ef80d692cd898f:0x457562bf3f350a5b!8m2!3d47.9738197!4d2.7732494\" target=\"_blank\" rel=\"noopener noreferrer\">Maison des jeunes, 213 rue de la Gare 45200 AMILLY<\/a><\/p>\n<ul>\n<li><span style=\"font-size: 12pt;\">de 17h30 \u00e0 20h30 &#8211; jeunes :\u00a0<\/span><span style=\"font-size: 12pt;\">par groupes de niveau<\/span><\/li>\n<li><span style=\"font-size: 12pt;\">\u00e0 partir de 20h15 &#8211;\u00a0<\/span><span style=\"font-size: 12pt;\">adultes et jeunes confirm\u00e9s :\u00a0<\/span><span style=\"font-size: 12pt;\">jeux, analyses, cours, tournois de blitz<\/span><\/li>\n<\/ul>\n<p style=\"text-align: center;\"><span style=\"color: #339966;\"><strong>\u00a0<\/strong><\/span><\/p>\n<p><img loading=\"lazy\" decoding=\"async\" class=\"aligncenter\" src=\"http:\/\/www.echiquierdugatinais.fr\/wp-content\/uploads\/2018\/03\/sco2015_Logo_\u00e9chiquier-300x198.jpg\" alt=\"\" width=\"300\" height=\"198\" \/><\/p>\n<h1 style=\"text-align: left;\" align=\"center\"><span style=\"color: #3366ff; font-size: 24pt;\"><strong>Animations du club<\/strong><\/span><\/h1>\n<ul>\n<li style=\"text-align: left;\">Tournois de Blitz<\/li>\n<li style=\"text-align: left;\">Tournoi interne<\/li>\n<li style=\"text-align: left;\">Cours &#8211; pr\u00e9parations &#8211; analyses<\/li>\n<li style=\"text-align: left;\">Tournois jeunes, \u2026<\/li>\n<\/ul>\n<p><img loading=\"lazy\" decoding=\"async\" src=\"http:\/\/www.echiquierdugatinais.fr\/wp-content\/uploads\/2018\/02\/scolaire2012-250x300.jpg\" alt=\"\" width=\"250\" height=\"300\" \/><\/p>\n<h1 style=\"text-align: left;\" align=\"center\"><span style=\"color: #3366ff; font-size: 24pt;\"><strong>Adh\u00e9sion au club &#8211; comp\u00e9tition<\/strong><\/span><\/h1>\n<ul>\n<li>D\u00e9tails dans la page <a href=\"http:\/\/www.echiquierdugatinais.fr\/?page_id=25\">Adh\u00e9rer<\/a>).<\/li>\n<li>Pour la comp\u00e9tition (licence A ou B), pr\u00e9voyez un certificat m\u00e9dical (NOUVEAU) \u00ab\u00a0apte \u00e0 la pratique des \u00e9checs en comp\u00e9tition\u00a0\u00bb.<\/li>\n<\/ul>\n<h1 style=\"text-align: left;\" align=\"center\"><span style=\"color: #3366ff; font-size: 24pt;\">Prochains \u00e9v\u00e8nements :<\/span><\/h1>\n<h1><span style=\"color: #3366ff; font-size: 24pt;\">Derniers r\u00e9sultats :<\/span><\/h1>\n<h1 align=\"center\"><span style=\"color: #339966; font-size: 24pt;\">Tournoi scolaire du Montargois<br \/><\/span><span style=\"color: #339966;\"><span style=\"font-size: 14pt;\">Dimanche 25 janvier 2026<br \/><span style=\"font-size: 10pt; color: #000000;\">Salle Polyvalente de Saint-Maurice sur Fessard<\/span><\/span><\/span><\/h1>\n<h3 style=\"text-align: center;\"><a href=\"https:\/\/www.echiquierdugatinais.fr\/?p=1939\">Tous les r\u00e9sultats ici<\/a><\/h3>\n<h1 align=\"center\"><span style=\"color: #339966; font-size: 24pt;\">Tournoi interne<br \/><span style=\"font-size: 14pt;\">du 9 f\u00e9vrier 2024 au 28 juin 2024<\/span><\/span><span style=\"font-size: 14pt;\"><br \/><\/span><a href=\"https:\/\/www.echiquierdugatinais.fr\/?page_id=21\" target=\"_blank\" rel=\"noopener\"><span style=\"font-size: 18.6667px;\">r\u00e9sultats du tournoi 2024 ici<\/span><\/a><\/h1>\n<h1 align=\"center\"><span style=\"color: #339966; font-size: 24pt;\">Open International d&rsquo;Amilly 2024<br \/><\/span><span style=\"color: #339966;\"><span style=\"font-size: 14pt;\">du 18 au 20 mai 2024<\/span><\/span><a href=\"http:\/\/www.echiquierdugatinais.fr\/wp-content\/uploads\/2023\/05\/Affiche-Echecs-Open-2023.png\" target=\"_blank\" rel=\"noopener\"><img loading=\"lazy\" decoding=\"async\" class=\"aligncenter\" src=\"http:\/\/www.echiquierdugatinais.fr\/wp-content\/uploads\/2024\/04\/Affiche-Open2024.jpg\" alt=\"\" width=\"185\" height=\"265\" \/><\/a><span style=\"font-size: 12pt;\"><a href=\"http:\/\/www.echecs.asso.fr\/Resultats.aspx?URL=Tournois\/Id\/63063\/63063&amp;Action=Ga\" target=\"_blank\" rel=\"noopener\"><span style=\"color: #339966;\"><span style=\"color: #000000;\">R\u00e9sultats ici<\/span><\/span><\/a><\/span><\/h1>\n<h1 align=\"center\"><span style=\"color: #339966; font-size: 24pt;\">Tournoi amical de fin d&rsquo;ann\u00e9e<br \/><\/span><span style=\"color: #339966;\"><span style=\"font-size: 14pt;\">Dimanche 18 juin 2023<\/span><\/span><\/h1>\n<p style=\"text-align: center;\"><span style=\"font-size: 12pt;\"><strong><a href=\"https:\/\/www.echiquierdugatinais.fr\/?p=1703\" target=\"_blank\" rel=\"noopener\">Compte-rendu et r\u00e9sultats ici<\/a><\/strong><\/span><\/p>\n<h1 align=\"center\"><span style=\"color: #339966; font-size: 24pt;\">Tournoi interne 2022-23<br \/><span style=\"font-size: 14pt;\">du 18 novembre 2022 au\u00a0 23 juin 2023<\/span><\/span><span style=\"color: #339966;\"><span style=\"font-size: 14pt; color: #000000;\"><br \/><span style=\"font-size: 12pt;\"><a style=\"color: #000000;\" href=\"https:\/\/www.echiquierdugatinais.fr\/?page_id=21\" target=\"_blank\" rel=\"noopener\">Informations et r\u00e9sultats ici<\/a><\/span><\/span><\/span><\/h1>\n<h1 align=\"center\"><span style=\"color: #339966; font-size: 24pt;\">Open International d&rsquo;Amilly 2023<br \/><\/span><span style=\"color: #339966;\"><span style=\"font-size: 14pt;\">du 27 au 29 mai 2023<\/span><\/span><a href=\"https:\/\/www.echiquierdugatinais.fr\/?p=1582\" target=\"_blank\" rel=\"noopener\"><img loading=\"lazy\" decoding=\"async\" class=\"aligncenter\" src=\"http:\/\/www.echiquierdugatinais.fr\/wp-content\/uploads\/2023\/05\/Affiche-Echecs-Open-2023.png\" alt=\"\" width=\"185\" height=\"265\" \/><\/a><a href=\"https:\/\/www.echiquierdugatinais.fr\/?p=1582\" target=\"_blank\" rel=\"noopener\"><span style=\"color: #339966;\"><span style=\"color: #000000;\"><span style=\"font-size: 18.6667px;\">R\u00e9sultats et photos ici<\/span><\/span><\/span><\/a><\/h1>\n<h1 align=\"center\"><span style=\"color: #339966; font-size: 24pt;\">Interclubs<br \/><\/span><span style=\"color: #339966;\"><span style=\"font-size: 14pt;\">du 16\/10\/2022 au 02\/04\/2023<\/span><br \/><span style=\"font-size: 14pt; color: #000000;\">ouvert aux licenci\u00e9s A du club<br \/><a href=\"http:\/\/www.echecs.asso.fr\/ListeEquipes.aspx?ClubRef=482\" target=\"_blank\" rel=\"noopener\">R\u00e9sultats de la saison ici<\/a><\/span><\/span><\/h1>\n<h1 align=\"center\"><span style=\"color: #339966; font-size: 24pt;\">Tournoi scolaire de l&rsquo;Agglom\u00e9ration Montargoise<span style=\"font-size: 14pt;\"><br \/>dimanche 5 f\u00e9vrier 2023<br \/><\/span><\/span><span style=\"color: #339966;\"><span style=\"font-size: 14pt; color: #000000;\">organis\u00e9 \u00e0 Saint-Maurice sur Fessard<br \/>tournoi destin\u00e9 aux \u00e9coliers, coll\u00e9giens et lyc\u00e9ens<br \/>5 parties de 15 minutes chacun<\/span><br \/><\/span><\/h1>\n<p style=\"text-align: center;\"><a href=\"https:\/\/www.echiquierdugatinais.fr\/?p=1471\" target=\"_blank\" rel=\"noopener\">R\u00e9sultats du tournoi ici<\/a><\/p>\n<h1 align=\"center\"><span style=\"color: #339966; font-size: 24pt;\">Open International d&rsquo;Amilly 2022<br \/><\/span><span style=\"color: #339966;\"><span style=\"font-size: 24pt;\"><span style=\"font-size: 14pt;\">du 4 au 6 juin 2022<\/span><br \/><\/span><\/span><strong style=\"font-size: 17px;\">Thal Abergel, vainqueur, tous les <a href=\"http:\/\/www.echecs.asso.fr\/FicheTournoi.aspx?Ref=55596\" target=\"_blank\" rel=\"noopener\">r\u00e9sultats\u00a0 ici<\/a><\/strong><\/h1>\n<h1 align=\"center\"><span style=\"color: #339966; font-size: 24pt;\">Tournoi interne 2021-22<br \/><\/span><span style=\"color: #339966;\"><span style=\"font-size: 14pt;\">de novembre 2021 \u00e0 juin 2022<\/span><span style=\"font-size: 14pt; color: #000000;\"><br \/><span style=\"font-size: 12pt;\">Antoine Goix remporte le tournoi 2022, <a href=\"http:\/\/www.echecs.asso.fr\/Resultats.aspx?URL=Tournois\/Id\/53739\/53739&amp;Action=Ga\" target=\"_blank\" rel=\"noopener\">voir le classement complet ici<\/a><\/span><br \/><span style=\"font-size: 12pt;\"><a style=\"color: #000000;\" href=\"https:\/\/www.echiquierdugatinais.fr\/?page_id=21\" target=\"_blank\" rel=\"noopener\">Toutes les informations sur le d\u00e9roulement du tournoi ici<\/a><\/span><\/span><\/span><\/h1>\n<p align=\"center\"><strong><span style=\"color: #339966; font-size: 24pt;\">Open d&rsquo;hiver 2022 \u00e0 Amilly<br \/><\/span><\/strong><span style=\"color: #339966;\"><span style=\"font-size: 14pt;\"><strong>du 16 au 18 f\u00e9vrier 2022<\/strong><\/span><br \/><\/span><\/p>\n<p align=\"center\"><strong><a href=\"https:\/\/cdje45.fr\/5645-2\/\" target=\"_blank\" rel=\"noopener\">r\u00e9sultats complets depuis le site du CDJE 45 ici<\/a><\/strong><\/p>\n<h1 style=\"text-align: center;\"><span style=\"font-size: 24pt; color: #339966;\">Tournoi de Blitz de No\u00ebl du 17\/12\/21\u00a0<br \/><\/span><span style=\"color: #339966;\"><span style=\"font-size: 14pt; color: #000000;\"><a href=\"https:\/\/www.echiquierdugatinais.fr\/?p=1165\" target=\"_blank\" rel=\"noopener\">voir l&rsquo;article complet<\/a><br \/><a href=\"http:\/\/www.echiquierdugatinais.fr\/wp-content\/uploads\/2021\/12\/blitz_noel22Ga.html\" target=\"_blank\" rel=\"noopener\">voir directement le classement du tournoi<\/a><\/span><\/span><\/h1>\n<p align=\"center\"><span style=\"color: #339966; font-size: 24pt;\"><strong>Championnat d\u00e9partemental des jeunes du 28\/11\/21<\/strong><br \/><\/span><span style=\"color: #339966;\"><span style=\"font-size: 24pt;\"><strong><span style=\"font-size: 14pt; color: #000000;\">voir <a href=\"https:\/\/www.echiquierdugatinais.fr\/?p=1138\" target=\"_blank\" rel=\"noopener\">l&rsquo;article avec les photos<\/a><\/span><\/strong><\/span><\/span><\/p>\n<p align=\"center\"><a href=\"https:\/\/cdje45.fr\/resultats-championnat-du-loiret-jeunes\/\" target=\"_blank\" rel=\"noopener\"><strong>voir directement les r\u00e9sultat sur le site du CDJE<\/strong><\/a><\/p>\n<p>\u00a0<\/p>\n<h1 style=\"text-align: left;\" align=\"center\"><span style=\"color: #3366ff;\"><span style=\"font-size: 32px;\">Vid\u00e9os en ligne &#8211; formations<\/span><\/span><\/h1>\n<p>L\u2019entra\u00eeneur du club, William RUBINO, propose des vid\u00e9os en ligne \u00e0 destination des joueurs du club. Retrouvez-les dans la rubrique \u00ab\u00a0VID\u00c9OS\u00a0\u00bb.<\/p>\n<h1 style=\"text-align: left;\" align=\"center\"><span style=\"color: #3366ff;\"><span style=\"font-size: 32px;\">Inscriptions en ligne<\/span><\/span><\/h1>\n<ul>\n<li>Jusqu&rsquo;au 12\/11\/22 &#8211; Tournoi interne : <a href=\"https:\/\/docs.google.com\/forms\/d\/e\/1FAIpQLSeRuECecujSQWd__GeureV0wLSyJlljEwBWuDTy9dqrDgJ62Q\/viewform?usp=sf_link\" target=\"_blank\" rel=\"noopener\">inscription ici<\/a><\/li>\n<\/ul>\n<h3><span style=\"font-size: 24pt; color: #999999;\">Acc\u00e8s ancien site du club &#8211; archives<\/span><\/h3>\n<p>Acc\u00e8s \u00e0 l&rsquo;<a href=\"http:\/\/www.echiquierdugatinais.fr\/old\/\" target=\"_blank\" rel=\"noopener noreferrer\">ancien site ici<\/a><\/p>\t\t\t\t\t<\/div>\n\t\t\t\t\t\t<\/div>\n\t\t\t\t<\/div>\n\t\t\t\t\t\t<\/div>\n\t\t\t\t\t<\/div>\n\t\t<\/div>\n\t\t\t\t\t\t\t\t<\/div>\n\t\t\t\t\t<\/div>\n\t\t<\/section>\n\t\t\t\t\t\t\t\t\t<\/div>\n\t\t\t<\/div>\n\t\t\t\t\t<\/div>\n\t\t","protected":false},"excerpt":{"rendered":"<p>Ouvert le vendredi soir \u00e0 la\u00a0Maison des jeunes, 213 rue de la Gare 45200 AMILLY de 17h30 \u00e0 20h30 &#8211; jeunes :\u00a0par groupes de niveau \u00e0 partir de 20h15 &#8211;\u00a0adultes et jeunes confirm\u00e9s :\u00a0jeux, analyses, cours, tournois de blitz \u00a0 Animations du club Tournois de Blitz Tournoi interne Cours &#8211; pr\u00e9parations &#8211; analyses Tournois jeunes, &hellip; <a href=\"https:\/\/www.echiquierdugatinais.fr\/\" class=\"more-link\">Continuer la lecture de <span class=\"screen-reader-text\">Bienvenue \u00e0 l\u2019\u00c9chiquier du G\u00e2tinais !<\/span><\/a><\/p>\n","protected":false},"author":4,"featured_media":0,"parent":0,"menu_order":0,"comment_status":"closed","ping_status":"closed","template":"","meta":{"_uag_custom_page_level_css":"","advgb_blocks_editor_width":"","advgb_blocks_columns_visual_guide":"","footnotes":""},"class_list":["post-15","page","type-page","status-publish","hentry"],"featured_image_urls":{"full":"","thumbnail":"","medium":"","medium_large":"","large":"","1536x1536":"","2048x2048":"","post-thumbnail":""},"post_excerpt_stackable":"<p>Ouvert le vendredi soir \u00e0 la\u00a0Maison des jeunes, 213 rue de la Gare 45200 AMILLY de 17h30 \u00e0 20h30 &#8211; jeunes :\u00a0par groupes de niveau \u00e0 partir de 20h15 &#8211;\u00a0adultes et jeunes confirm\u00e9s :\u00a0jeux, analyses, cours, tournois de blitz \u00a0 Animations du club Tournois de Blitz Tournoi interne Cours &#8211; pr\u00e9parations &#8211; analyses Tournois jeunes, \u2026 Adh\u00e9sion au club &#8211; comp\u00e9tition D\u00e9tails dans la page Adh\u00e9rer). Pour la comp\u00e9tition (licence A ou B), pr\u00e9voyez un certificat m\u00e9dical (NOUVEAU) \u00ab\u00a0apte \u00e0 la pratique des \u00e9checs en comp\u00e9tition\u00a0\u00bb. Prochains \u00e9v\u00e8nements : Derniers r\u00e9sultats : Tournoi scolaire du MontargoisDimanche 25 janvier 2026Salle Polyvalente\u2026<\/p>\n","category_list":"","author_info":{"name":"Olivier DUFOUR","url":"https:\/\/www.echiquierdugatinais.fr\/?author=4"},"comments_num":"0 commentaire","featured_image_urls_v2":{"full":"","thumbnail":"","medium":"","medium_large":"","large":"","1536x1536":"","2048x2048":"","post-thumbnail":""},"post_excerpt_stackable_v2":"<p>Ouvert le vendredi soir \u00e0 la\u00a0Maison des jeunes, 213 rue de la Gare 45200 AMILLY de 17h30 \u00e0 20h30 &#8211; jeunes :\u00a0par groupes de niveau \u00e0 partir de 20h15 &#8211;\u00a0adultes et jeunes confirm\u00e9s :\u00a0jeux, analyses, cours, tournois de blitz \u00a0 Animations du club Tournois de Blitz Tournoi interne Cours &#8211; pr\u00e9parations &#8211; analyses Tournois jeunes, \u2026 Adh\u00e9sion au club &#8211; comp\u00e9tition D\u00e9tails dans la page Adh\u00e9rer). Pour la comp\u00e9tition (licence A ou B), pr\u00e9voyez un certificat m\u00e9dical (NOUVEAU) \u00ab\u00a0apte \u00e0 la pratique des \u00e9checs en comp\u00e9tition\u00a0\u00bb. Prochains \u00e9v\u00e8nements : Derniers r\u00e9sultats : Tournoi scolaire du MontargoisDimanche 25 janvier 2026Salle Polyvalente\u2026<\/p>\n","category_list_v2":"","author_info_v2":{"name":"Olivier DUFOUR","url":"https:\/\/www.echiquierdugatinais.fr\/?author=4"},"comments_num_v2":"0 commentaire","uagb_featured_image_src":{"full":false,"thumbnail":false,"medium":false,"medium_large":false,"large":false,"1536x1536":false,"2048x2048":false,"post-thumbnail":false},"uagb_author_info":{"display_name":"Olivier DUFOUR","author_link":"https:\/\/www.echiquierdugatinais.fr\/?author=4"},"uagb_comment_info":0,"uagb_excerpt":"Ouvert le vendredi soir \u00e0 la\u00a0Maison des jeunes, 213 rue de la Gare 45200 AMILLY de 17h30 \u00e0 20h30 &#8211; jeunes :\u00a0par groupes de niveau \u00e0 partir de 20h15 &#8211;\u00a0adultes et jeunes confirm\u00e9s :\u00a0jeux, analyses, cours, tournois de blitz \u00a0 Animations du club Tournois de Blitz Tournoi interne Cours &#8211; pr\u00e9parations &#8211; analyses Tournois jeunes,\u2026","coauthors":[],"author_meta":{"author_link":"https:\/\/www.echiquierdugatinais.fr\/?author=4","display_name":"Olivier DUFOUR"},"relative_dates":{"created":"Publi\u00e9 8 ans il y a","modified":"Mis \u00e0 jour 3 mois il y a"},"absolute_dates":{"created":"Publi\u00e9 le 28 f\u00e9vrier 2018","modified":"Mise \u00e0 jour le 25 janvier 2026"},"absolute_dates_time":{"created":"Publi\u00e9 le 28 f\u00e9vrier 2018 16 h 24 min","modified":"Mise \u00e0 jour le 25 janvier 2026 18 h 44 min"},"featured_img_caption":"","featured_img":false,"series_order":"","_links":{"self":[{"href":"https:\/\/www.echiquierdugatinais.fr\/index.php?rest_route=\/wp\/v2\/pages\/15","targetHints":{"allow":["GET"]}}],"collection":[{"href":"https:\/\/www.echiquierdugatinais.fr\/index.php?rest_route=\/wp\/v2\/pages"}],"about":[{"href":"https:\/\/www.echiquierdugatinais.fr\/index.php?rest_route=\/wp\/v2\/types\/page"}],"author":[{"embeddable":true,"href":"https:\/\/www.echiquierdugatinais.fr\/index.php?rest_route=\/wp\/v2\/users\/4"}],"replies":[{"embeddable":true,"href":"https:\/\/www.echiquierdugatinais.fr\/index.php?rest_route=%2Fwp%2Fv2%2Fcomments&post=15"}],"version-history":[{"count":543,"href":"https:\/\/www.echiquierdugatinais.fr\/index.php?rest_route=\/wp\/v2\/pages\/15\/revisions"}],"predecessor-version":[{"id":1944,"href":"https:\/\/www.echiquierdugatinais.fr\/index.php?rest_route=\/wp\/v2\/pages\/15\/revisions\/1944"}],"wp:attachment":[{"href":"https:\/\/www.echiquierdugatinais.fr\/index.php?rest_route=%2Fwp%2Fv2%2Fmedia&parent=15"}],"curies":[{"name":"wp","href":"https:\/\/api.w.org\/{rel}","templated":true}]}}