{"id":21,"date":"2019-09-24T13:00:36","date_gmt":"2019-09-24T11:00:36","guid":{"rendered":"http:\/\/www.echiquierdugatinais.fr\/echiquiergatinais\/?page_id=21"},"modified":"2024-06-18T20:58:35","modified_gmt":"2024-06-18T18:58:35","slug":"tournoi-interne","status":"publish","type":"page","link":"https:\/\/www.echiquierdugatinais.fr\/?page_id=21","title":{"rendered":"Tournoi interne"},"content":{"rendered":"\t\t<div data-elementor-type=\"wp-page\" data-elementor-id=\"21\" class=\"elementor elementor-21\">\n\t\t\t\t\t\t<div class=\"elementor-inner\">\n\t\t\t\t<div class=\"elementor-section-wrap\">\n\t\t\t\t\t\t\t\t\t<section class=\"elementor-section elementor-top-section elementor-element elementor-element-78acafd6 elementor-section-boxed elementor-section-height-default elementor-section-height-default\" data-id=\"78acafd6\" data-element_type=\"section\">\n\t\t\t\t\t\t<div class=\"elementor-container elementor-column-gap-default\">\n\t\t\t\t\t\t\t<div class=\"elementor-row\">\n\t\t\t\t\t<div class=\"elementor-column elementor-col-100 elementor-top-column elementor-element elementor-element-e943e98\" data-id=\"e943e98\" data-element_type=\"column\">\n\t\t\t<div class=\"elementor-column-wrap elementor-element-populated\">\n\t\t\t\t\t\t\t<div class=\"elementor-widget-wrap\">\n\t\t\t\t\t\t<div class=\"elementor-element elementor-element-4e83b24b elementor-widget elementor-widget-text-editor\" data-id=\"4e83b24b\" data-element_type=\"widget\" data-widget_type=\"text-editor.default\">\n\t\t\t\t<div class=\"elementor-widget-container\">\n\t\t\t\t\t\t\t\t<div class=\"elementor-text-editor elementor-clearfix\">\n\t\t\t\t<p>Ce tournoi est une v\u00e9ritable institution au club puisqu&rsquo;il existe depuis 1972 sans interruption. Le record de victoires est d\u00e9tenu par William Rubino (11 victoires).<\/p>\n<p>voir\u00a0<a href=\"http:\/\/www.echiquierdugatinais.fr\/?page_id=53\"> Palmar\u00e8s Complet<\/a><\/p>\n<p><img loading=\"lazy\" decoding=\"async\" style=\"font-weight: bold; background-color: transparent; color: #707070; font-family: 'Noto Sans', sans-serif; text-align: inherit;\" src=\"http:\/\/www.echiquierdugatinais.fr\/wp-content\/uploads\/2019\/12\/interne_2019_r3-300x225.jpg\" alt=\"\" width=\"300\" height=\"225\" \/><\/p>\n<p>En photo, les 16 participants lors de la 2e ronde du tournoi interne 2019-20<\/p>\n<h1><span style=\"color: #3366ff;\">Tournoi Interne 2023-2024 &#8211; 50\u00e8me \u00e9dition<\/span><\/h1>\n<h3>Les inscrits<\/h3>\n<p><a href=\"http:\/\/www.echecs.asso.fr\/Resultats.aspx?URL=Tournois\/Id\/62012\/62012&amp;Action=Ls\" target=\"_blank\" rel=\"noopener\">Liste des joueurs inscrits &#8211; 20 participants<\/a><\/p>\n<h3>D\u00e9roulement des rondes<\/h3>\n<p>Le tournoi interne d\u00e9marre le vendredi 9 f\u00e9vrier 2024 et se disputera en 5 rondes (1 \u00e0 2 rondes par mois jusqu&rsquo;\u00e0 juin 2024 &#8211; cl\u00f4ture le 28 juin).<\/p>\n<p>Les parties se joueront en 25 minutes + 10 secondes (par coup) pour chaque joueur.<br \/>Les parties n\u2019exc\u00e9deront donc pas une heure et la notation des coups ne sera plus obligatoire. Tout joueur du club b\u00e9n\u00e9ficiant d&rsquo;une licence (A ou B) peut y participer.<\/p>\n<p>Les parties comptent pour le classement rapide. Le premier est d\u00e9clar\u00e9 Champion du Club.<\/p>\n<h3>Dates des rondes<\/h3>\n<ul>\n<li><strong>Ronde 1<\/strong> : <a href=\"http:\/\/www.echecs.asso.fr\/Resultats.aspx?URL=Tournois\/Id\/62012\/62012&amp;Action=01\" target=\"_blank\" rel=\"noopener\">vendredi 9 f\u00e9vrier 2024 \u00e0 21h &#8211; r\u00e9sultats<\/a><\/li>\n<li><strong>Ronde 2<\/strong> : <a href=\"http:\/\/www.echecs.asso.fr\/Resultats.aspx?URL=Tournois\/Id\/62012\/62012&amp;Action=02\" target=\"_blank\" rel=\"noopener\">vendredi 22 mars 2024 \u00e0 21h &#8211; r\u00e9sultats<\/a><\/li>\n<li><strong>Ronde 3<\/strong> : <a href=\"http:\/\/www.echecs.asso.fr\/Resultats.aspx?URL=Tournois\/Id\/62012\/62012&amp;Action=03\" target=\"_blank\" rel=\"noopener\">vendredi 12 avril 2024 \u00e0 21h &#8211; r\u00e9sultats<\/a><\/li>\n<li><strong>Ronde 4<\/strong> : <a href=\"http:\/\/www.echecs.asso.fr\/Resultats.aspx?URL=Tournois\/Id\/62012\/62012&amp;Action=04\" target=\"_blank\" rel=\"noopener\">vendredi 7 juin 2024 \u00e0 21h &#8211; r\u00e9sultats<\/a><\/li>\n<li><strong>Ronde 5<\/strong> : <a href=\"http:\/\/www.echecs.asso.fr\/Resultats.aspx?URL=Tournois\/Id\/62012\/62012&amp;Action=05\" target=\"_blank\" rel=\"noopener\">vendredi 21 juin 2024 \u00e0 21h &#8211; appariements et r\u00e9sultats<\/a><\/li>\n<\/ul>\n<h3>Classement avant la derni\u00e8re ronde<\/h3>\n<p><a href=\"http:\/\/www.echecs.asso.fr\/Resultats.aspx?URL=Tournois\/Id\/62012\/62012&amp;Action=Ga\" target=\"_blank\" rel=\"noopener\">Grille am\u00e9ricaine apr\u00e8s la ronde 4 ici<\/a><\/p>\n<h3>R\u00e8glement<\/h3>\n<p>voir <a href=\"http:\/\/www.echiquierdugatinais.fr\/?page_id=60\">r\u00e8glement du tournoi interne<\/a><\/p>\n<p>\u00a0<\/p>\n<p><!-- wp:tadv\/classic-paragraph \/--><\/p>\t\t\t\t\t<\/div>\n\t\t\t\t\t\t<\/div>\n\t\t\t\t<\/div>\n\t\t\t\t\t\t<\/div>\n\t\t\t\t\t<\/div>\n\t\t<\/div>\n\t\t\t\t\t\t\t\t<\/div>\n\t\t\t\t\t<\/div>\n\t\t<\/section>\n\t\t\t\t\t\t\t\t\t<\/div>\n\t\t\t<\/div>\n\t\t\t\t\t<\/div>\n\t\t","protected":false},"excerpt":{"rendered":"<p>Ce tournoi est une v\u00e9ritable institution au club puisqu&rsquo;il existe depuis 1972 sans interruption. Le record de victoires est d\u00e9tenu par William Rubino (11 victoires). voir\u00a0 Palmar\u00e8s Complet En photo, les 16 participants lors de la 2e ronde du tournoi interne 2019-20 Tournoi Interne 2023-2024 &#8211; 50\u00e8me \u00e9dition Les inscrits Liste des joueurs inscrits &#8211; &hellip; <a href=\"https:\/\/www.echiquierdugatinais.fr\/?page_id=21\" class=\"more-link\">Continuer la lecture de <span class=\"screen-reader-text\">Tournoi interne<\/span><\/a><\/p>\n","protected":false},"author":4,"featured_media":0,"parent":15,"menu_order":0,"comment_status":"closed","ping_status":"closed","template":"","meta":{"_uag_custom_page_level_css":"","advgb_blocks_editor_width":"","advgb_blocks_columns_visual_guide":"","footnotes":""},"class_list":["post-21","page","type-page","status-publish","hentry"],"featured_image_urls":{"full":"","thumbnail":"","medium":"","medium_large":"","large":"","1536x1536":"","2048x2048":"","post-thumbnail":""},"post_excerpt_stackable":"<p>Ce tournoi est une v\u00e9ritable institution au club puisqu&rsquo;il existe depuis 1972 sans interruption. Le record de victoires est d\u00e9tenu par William Rubino (11 victoires). voir\u00a0 Palmar\u00e8s Complet En photo, les 16 participants lors de la 2e ronde du tournoi interne 2019-20 Tournoi Interne 2023-2024 &#8211; 50\u00e8me \u00e9dition Les inscrits Liste des joueurs inscrits &#8211; 20 participants D\u00e9roulement des rondes Le tournoi interne d\u00e9marre le vendredi 9 f\u00e9vrier 2024 et se disputera en 5 rondes (1 \u00e0 2 rondes par mois jusqu&rsquo;\u00e0 juin 2024 &#8211; cl\u00f4ture le 28 juin). Les parties se joueront en 25 minutes + 10 secondes (par\u2026<\/p>\n","category_list":"","author_info":{"name":"Olivier DUFOUR","url":"https:\/\/www.echiquierdugatinais.fr\/?author=4"},"comments_num":"0 commentaire","featured_image_urls_v2":{"full":"","thumbnail":"","medium":"","medium_large":"","large":"","1536x1536":"","2048x2048":"","post-thumbnail":""},"post_excerpt_stackable_v2":"<p>Ce tournoi est une v\u00e9ritable institution au club puisqu&rsquo;il existe depuis 1972 sans interruption. Le record de victoires est d\u00e9tenu par William Rubino (11 victoires). voir\u00a0 Palmar\u00e8s Complet En photo, les 16 participants lors de la 2e ronde du tournoi interne 2019-20 Tournoi Interne 2023-2024 &#8211; 50\u00e8me \u00e9dition Les inscrits Liste des joueurs inscrits &#8211; 20 participants D\u00e9roulement des rondes Le tournoi interne d\u00e9marre le vendredi 9 f\u00e9vrier 2024 et se disputera en 5 rondes (1 \u00e0 2 rondes par mois jusqu&rsquo;\u00e0 juin 2024 &#8211; cl\u00f4ture le 28 juin). Les parties se joueront en 25 minutes + 10 secondes (par\u2026<\/p>\n","category_list_v2":"","author_info_v2":{"name":"Olivier DUFOUR","url":"https:\/\/www.echiquierdugatinais.fr\/?author=4"},"comments_num_v2":"0 commentaire","uagb_featured_image_src":{"full":false,"thumbnail":false,"medium":false,"medium_large":false,"large":false,"1536x1536":false,"2048x2048":false,"post-thumbnail":false},"uagb_author_info":{"display_name":"Olivier DUFOUR","author_link":"https:\/\/www.echiquierdugatinais.fr\/?author=4"},"uagb_comment_info":0,"uagb_excerpt":"Ce tournoi est une v\u00e9ritable institution au club puisqu&rsquo;il existe depuis 1972 sans interruption. Le record de victoires est d\u00e9tenu par William Rubino (11 victoires). voir\u00a0 Palmar\u00e8s Complet En photo, les 16 participants lors de la 2e ronde du tournoi interne 2019-20 Tournoi Interne 2023-2024 &#8211; 50\u00e8me \u00e9dition Les inscrits Liste des joueurs inscrits &#8211;\u2026","coauthors":[],"author_meta":{"author_link":"https:\/\/www.echiquierdugatinais.fr\/?author=4","display_name":"Olivier DUFOUR"},"relative_dates":{"created":"Publi\u00e9 7 ans il y a","modified":"Mis \u00e0 jour 2 ans il y a"},"absolute_dates":{"created":"Publi\u00e9 le 24 septembre 2019","modified":"Mise \u00e0 jour le 18 juin 2024"},"absolute_dates_time":{"created":"Publi\u00e9 le 24 septembre 2019 13 h 00 min","modified":"Mise \u00e0 jour le 18 juin 2024 20 h 58 min"},"featured_img_caption":"","featured_img":false,"series_order":"","_links":{"self":[{"href":"https:\/\/www.echiquierdugatinais.fr\/index.php?rest_route=\/wp\/v2\/pages\/21","targetHints":{"allow":["GET"]}}],"collection":[{"href":"https:\/\/www.echiquierdugatinais.fr\/index.php?rest_route=\/wp\/v2\/pages"}],"about":[{"href":"https:\/\/www.echiquierdugatinais.fr\/index.php?rest_route=\/wp\/v2\/types\/page"}],"author":[{"embeddable":true,"href":"https:\/\/www.echiquierdugatinais.fr\/index.php?rest_route=\/wp\/v2\/users\/4"}],"replies":[{"embeddable":true,"href":"https:\/\/www.echiquierdugatinais.fr\/index.php?rest_route=%2Fwp%2Fv2%2Fcomments&post=21"}],"version-history":[{"count":184,"href":"https:\/\/www.echiquierdugatinais.fr\/index.php?rest_route=\/wp\/v2\/pages\/21\/revisions"}],"predecessor-version":[{"id":1897,"href":"https:\/\/www.echiquierdugatinais.fr\/index.php?rest_route=\/wp\/v2\/pages\/21\/revisions\/1897"}],"up":[{"embeddable":true,"href":"https:\/\/www.echiquierdugatinais.fr\/index.php?rest_route=\/wp\/v2\/pages\/15"}],"wp:attachment":[{"href":"https:\/\/www.echiquierdugatinais.fr\/index.php?rest_route=%2Fwp%2Fv2%2Fmedia&parent=21"}],"curies":[{"name":"wp","href":"https:\/\/api.w.org\/{rel}","templated":true}]}}