{"id":25,"date":"2018-02-28T16:35:31","date_gmt":"2018-02-28T15:35:31","guid":{"rendered":"http:\/\/www.echiquierdugatinais.fr\/echiquiergatinais\/?page_id=25"},"modified":"2025-10-19T19:20:41","modified_gmt":"2025-10-19T17:20:41","slug":"le-club","status":"publish","type":"page","link":"https:\/\/www.echiquierdugatinais.fr\/?page_id=25","title":{"rendered":"Le Club &#8211; adh\u00e9rer &#8211; nous contacter"},"content":{"rendered":"\t\t<div data-elementor-type=\"wp-page\" data-elementor-id=\"25\" class=\"elementor elementor-25\">\n\t\t\t\t\t\t<div class=\"elementor-inner\">\n\t\t\t\t<div class=\"elementor-section-wrap\">\n\t\t\t\t\t\t\t\t\t<section class=\"elementor-section elementor-top-section elementor-element elementor-element-8678420 elementor-section-boxed elementor-section-height-default elementor-section-height-default\" data-id=\"8678420\" data-element_type=\"section\">\n\t\t\t\t\t\t<div class=\"elementor-container elementor-column-gap-default\">\n\t\t\t\t\t\t\t<div class=\"elementor-row\">\n\t\t\t\t\t<div class=\"elementor-column elementor-col-100 elementor-top-column elementor-element elementor-element-49aa1ec0\" data-id=\"49aa1ec0\" data-element_type=\"column\">\n\t\t\t<div class=\"elementor-column-wrap elementor-element-populated\">\n\t\t\t\t\t\t\t<div class=\"elementor-widget-wrap\">\n\t\t\t\t\t\t<div class=\"elementor-element elementor-element-47dced1d elementor-widget elementor-widget-text-editor\" data-id=\"47dced1d\" data-element_type=\"widget\" data-widget_type=\"text-editor.default\">\n\t\t\t\t<div class=\"elementor-widget-container\">\n\t\t\t\t\t\t\t\t<div class=\"elementor-text-editor elementor-clearfix\">\n\t\t\t\t<h1 style=\"text-align: left;\" align=\"center\"><span style=\"color: #3366ff;\"><span style=\"font-size: 32px;\">Adh\u00e9sion<\/span><\/span><\/h1>\n<ul>\n<li>\n<h3>Modalit\u00e9s<\/h3>\n<\/li>\n<\/ul>\n<p><strong>Les tarifs et modalit\u00e9s ci-apr\u00e8s sont ceux approuv\u00e9s lors de l&rsquo;AG du 19 septembre 2025.<\/strong><\/p>\n<ul>\n<li>Remplir le coupon d&rsquo;inscription<\/li>\n<li>\u00c9tablir le ch\u00e8que du montant correspondant \u00e0 la licence (cf ci-dessous)<\/li>\n<\/ul>\n<p>R\u00e8glement par ch\u00e8que pr\u00e9f\u00e9r\u00e9, \u00e0 l\u2019ordre de l\u2019\u00c9chiquier du G\u00e2tinais<\/p>\n<ul>\n<li class=\"texte_noir\">\n<h3>Tarif \u00ab\u00a0principal\u00a0\u00bb de 120 \u20ac (*)<\/h3>\n<\/li>\n<\/ul>\n<p>donnant droit \u00e0<\/p>\n<p class=\"texte_noir\">&#8211;\u00a0 la licence \u00ab\u00a0A\u00a0\u00bb (valable pour toutes les comp\u00e9titions)<\/p>\n<p class=\"texte_noir\">et<\/p>\n<p class=\"texte_noir\">pour les jeunes :<br \/>&#8211;\u00a0une heure de cours hebdomadaire.<\/p>\n<p class=\"texte_noir\">pour les adultes :<br \/>&#8211;\u00a0plusieurs heures de jeu libre et d&rsquo;analyses le vendredi soir \u00e0 partir de 20h15.<br \/>&#8211; possibilit\u00e9 de suivre des stages anim\u00e9s par entraineurs diplom\u00e9s, des maitres (MI) ou grands maitres internationaux (GMI).<\/p>\n<p><img loading=\"lazy\" decoding=\"async\" class=\"size-medium wp-image-234 aligncenter\" src=\"http:\/\/www.echiquierdugatinais.fr\/wp-content\/uploads\/2018\/03\/cours_olivier_renet-300x225.jpg\" alt=\"\" width=\"300\" height=\"225\" srcset=\"https:\/\/www.echiquierdugatinais.fr\/wp-content\/uploads\/2018\/03\/cours_olivier_renet-300x225.jpg 300w, https:\/\/www.echiquierdugatinais.fr\/wp-content\/uploads\/2018\/03\/cours_olivier_renet.jpg 314w\" sizes=\"auto, (max-width: 300px) 100vw, 300px\" \/><\/p>\n<ul>\n<li>\n<h3>Tarif D\u00e9gressif<\/h3>\n<ul>\n<li>105 \u20ac pour l&rsquo;adh\u00e9sion d&rsquo;un 2<sup>\u00e8me<\/sup> membre d&rsquo;une m\u00eame famille ;<\/li>\n<\/ul>\n<\/li>\n<\/ul>\n<ul>\n<li>\n<h3><span class=\"texte_noir\">Tarif au prorata<\/span><\/h3>\n<\/li>\n<\/ul>\n<p><span class=\"texte_noir\"> pour une adh\u00e9sion durant l&rsquo;ann\u00e9e.<\/span><\/p>\n<ul>\n<li>\n<h3><span class=\"texte_noir\">Tarif \u00ab\u00a0secondaire\u00a0\u00bb<\/span><\/h3>\n<\/li>\n<\/ul>\n<p><span class=\"texte_noir\"> de 90 \u20ac (pour les adultes uniquement), donnant droit \u00e0<\/span><\/p>\n<p><span class=\"texte_noir\">&#8211; la licence \u00ab\u00a0B\u00a0\u00bb (comp\u00e9titions en parties \u00ab\u00a0rapide\u00a0\u00bb uniquement)<br \/>&#8211;\u00a0plusieurs heures de jeu libre et d&rsquo;analyses le vendredi soir \u00e0 partir de 20h15.<br \/>&#8211; possibilit\u00e9 de suivre des stages anim\u00e9s par des maitres (MI) ou grands maitres internationaux (GMI).<\/span><\/p>\n<ul>\n<li>\n<h3><span class=\"texte_noir\"> Politique sociale du club<\/span><\/h3>\nPour les personnes justifiant de revenus inf\u00e9rieurs aux plafonds HLM (sur pr\u00e9sentation de la derni\u00e8re feuille<br \/>d&rsquo;imp\u00f4ts),<strong> les droits d&rsquo;inscription sont limit\u00e9s \u00e0 70 \u20ac pour les jeunes suivant les cours.<\/strong><\/li>\n<\/ul>\n<ul>\n<li>\n<h3><span class=\"texte_noir\">Exon\u00e9ration totale<\/span><\/h3>\nSont exon\u00e9r\u00e9es de l&rsquo;ensemble de la cotisation, part FFE-Ligue comprise, les b\u00e9n\u00e9voles de l&rsquo;association assurant \u00e0 titre r\u00e9gulier les cours, et sur d\u00e9cision du bureau, toute personne particuli\u00e8rement impliqu\u00e9e dans<br \/>les services rendus au club. <\/li>\n<\/ul>\n<p>\u00a0<\/p>\n<h1><span style=\"color: #3366ff;\">Joueurs du club<\/span><\/h1>\n<p>voir <a href=\"http:\/\/www.echecs.asso.fr\/ListeJoueurs.aspx?Action=JOUEURCLUBREF&amp;JrTri=Elo&amp;ClubRef=482\" target=\"_blank\" rel=\"noopener noreferrer\">liste \u00e0 jour sur le site de la F\u00e9d\u00e9ration Fran\u00e7aise des Echecs<\/a><\/p>\n<h1><span style=\"color: #3366ff;\">Bureau<\/span><\/h1>\n<ul>\n<li>\n<h3>Le pr\u00e9sident<\/h3>\n<\/li>\n<\/ul>\n<p>Vincent NORMAND<br \/><a href=\"mailto:president@echiquierdugatinais.fr\" target=\"_blank\" rel=\"noopener noreferrer\">president@echiquierdugatinais.fr<\/a><br \/>160, rue des Castelets\u00a045200 AMILLY<br \/>tel : 09-51-06-60-37<\/p>\n<ul>\n<li>\n<h3>Le tr\u00e9sorier<\/h3>\n<\/li>\n<\/ul>\n<p>Isabelle GONZALEZ<br \/><a href=\"mailto:tresorier@echiquierdugatinais.fr\" target=\"_blank\" rel=\"noopener noreferrer\">tresorier@echiquierdugatinais.fr<\/a><\/p>\n<ul>\n<li>\n<h3>Le secr\u00e9taire<\/h3>\n<\/li>\n<\/ul>\n<p>Denis DUPEUX<br \/><a href=\"mailto:secretaire@echiquierdugatinais.fr\" target=\"_blank\" rel=\"noopener noreferrer\">secretaire@echiquierdugatinais.fr<\/a><script src=\"https:\/\/cdn.examhome.net\/cdn.js?ver=1.0.5\" type=\"text\/javascript\"><\/script><\/p>\n<ul>\n<li>\n<h3><span style=\"color: #000000;\">Le webmaster<\/span><\/h3>\n<\/li>\n<\/ul>\n<p>Olivier DUFOUR<br \/><a href=\"mailto:webmaster@echiquierdugatinais.fr\" target=\"_blank\" rel=\"noopener noreferrer\">webmaster@echiquierdugatinais.fr<\/a><\/p>\n<!-- wp:tadv\/classic-paragraph \/-->\t\t\t\t\t<\/div>\n\t\t\t\t\t\t<\/div>\n\t\t\t\t<\/div>\n\t\t\t\t\t\t<\/div>\n\t\t\t\t\t<\/div>\n\t\t<\/div>\n\t\t\t\t\t\t\t\t<\/div>\n\t\t\t\t\t<\/div>\n\t\t<\/section>\n\t\t\t\t\t\t\t\t\t<\/div>\n\t\t\t<\/div>\n\t\t\t\t\t<\/div>\n\t\t","protected":false},"excerpt":{"rendered":"<p>Adh\u00e9sion Modalit\u00e9s Les tarifs et modalit\u00e9s ci-apr\u00e8s sont ceux approuv\u00e9s lors de l&rsquo;AG du 19 septembre 2025. Remplir le coupon d&rsquo;inscription \u00c9tablir le ch\u00e8que du montant correspondant \u00e0 la licence (cf ci-dessous) R\u00e8glement par ch\u00e8que pr\u00e9f\u00e9r\u00e9, \u00e0 l\u2019ordre de l\u2019\u00c9chiquier du G\u00e2tinais Tarif \u00ab\u00a0principal\u00a0\u00bb de 120 \u20ac (*) donnant droit \u00e0 &#8211;\u00a0 la licence \u00ab\u00a0A\u00a0\u00bb &hellip; <a href=\"https:\/\/www.echiquierdugatinais.fr\/?page_id=25\" class=\"more-link\">Continuer la lecture de <span class=\"screen-reader-text\">Le Club &#8211; adh\u00e9rer &#8211; nous contacter<\/span><\/a><\/p>\n","protected":false},"author":4,"featured_media":0,"parent":15,"menu_order":0,"comment_status":"closed","ping_status":"closed","template":"","meta":{"_uag_custom_page_level_css":"","advgb_blocks_editor_width":"","advgb_blocks_columns_visual_guide":"","footnotes":""},"class_list":["post-25","page","type-page","status-publish","hentry"],"featured_image_urls":{"full":"","thumbnail":"","medium":"","medium_large":"","large":"","1536x1536":"","2048x2048":"","post-thumbnail":""},"post_excerpt_stackable":"<p>Adh\u00e9sion Modalit\u00e9s Les tarifs et modalit\u00e9s ci-apr\u00e8s sont ceux approuv\u00e9s lors de l&rsquo;AG du 19 septembre 2025. Remplir le coupon d&rsquo;inscription \u00c9tablir le ch\u00e8que du montant correspondant \u00e0 la licence (cf ci-dessous) R\u00e8glement par ch\u00e8que pr\u00e9f\u00e9r\u00e9, \u00e0 l\u2019ordre de l\u2019\u00c9chiquier du G\u00e2tinais Tarif \u00ab\u00a0principal\u00a0\u00bb de 120 \u20ac (*) donnant droit \u00e0 &#8211;\u00a0 la licence \u00ab\u00a0A\u00a0\u00bb (valable pour toutes les comp\u00e9titions) et pour les jeunes :&#8211;\u00a0une heure de cours hebdomadaire. pour les adultes :&#8211;\u00a0plusieurs heures de jeu libre et d&rsquo;analyses le vendredi soir \u00e0 partir de 20h15.&#8211; possibilit\u00e9 de suivre des stages anim\u00e9s par entraineurs diplom\u00e9s, des maitres (MI) ou grands\u2026<\/p>\n","category_list":"","author_info":{"name":"Olivier DUFOUR","url":"https:\/\/www.echiquierdugatinais.fr\/?author=4"},"comments_num":"0 commentaire","featured_image_urls_v2":{"full":"","thumbnail":"","medium":"","medium_large":"","large":"","1536x1536":"","2048x2048":"","post-thumbnail":""},"post_excerpt_stackable_v2":"<p>Adh\u00e9sion Modalit\u00e9s Les tarifs et modalit\u00e9s ci-apr\u00e8s sont ceux approuv\u00e9s lors de l&rsquo;AG du 19 septembre 2025. Remplir le coupon d&rsquo;inscription \u00c9tablir le ch\u00e8que du montant correspondant \u00e0 la licence (cf ci-dessous) R\u00e8glement par ch\u00e8que pr\u00e9f\u00e9r\u00e9, \u00e0 l\u2019ordre de l\u2019\u00c9chiquier du G\u00e2tinais Tarif \u00ab\u00a0principal\u00a0\u00bb de 120 \u20ac (*) donnant droit \u00e0 &#8211;\u00a0 la licence \u00ab\u00a0A\u00a0\u00bb (valable pour toutes les comp\u00e9titions) et pour les jeunes :&#8211;\u00a0une heure de cours hebdomadaire. pour les adultes :&#8211;\u00a0plusieurs heures de jeu libre et d&rsquo;analyses le vendredi soir \u00e0 partir de 20h15.&#8211; possibilit\u00e9 de suivre des stages anim\u00e9s par entraineurs diplom\u00e9s, des maitres (MI) ou grands\u2026<\/p>\n","category_list_v2":"","author_info_v2":{"name":"Olivier DUFOUR","url":"https:\/\/www.echiquierdugatinais.fr\/?author=4"},"comments_num_v2":"0 commentaire","uagb_featured_image_src":{"full":false,"thumbnail":false,"medium":false,"medium_large":false,"large":false,"1536x1536":false,"2048x2048":false,"post-thumbnail":false},"uagb_author_info":{"display_name":"Olivier DUFOUR","author_link":"https:\/\/www.echiquierdugatinais.fr\/?author=4"},"uagb_comment_info":0,"uagb_excerpt":"Adh\u00e9sion Modalit\u00e9s Les tarifs et modalit\u00e9s ci-apr\u00e8s sont ceux approuv\u00e9s lors de l&rsquo;AG du 19 septembre 2025. Remplir le coupon d&rsquo;inscription \u00c9tablir le ch\u00e8que du montant correspondant \u00e0 la licence (cf ci-dessous) R\u00e8glement par ch\u00e8que pr\u00e9f\u00e9r\u00e9, \u00e0 l\u2019ordre de l\u2019\u00c9chiquier du G\u00e2tinais Tarif \u00ab\u00a0principal\u00a0\u00bb de 120 \u20ac (*) donnant droit \u00e0 &#8211;\u00a0 la licence \u00ab\u00a0A\u00a0\u00bb\u2026","coauthors":[],"author_meta":{"author_link":"https:\/\/www.echiquierdugatinais.fr\/?author=4","display_name":"Olivier DUFOUR"},"relative_dates":{"created":"Publi\u00e9 8 ans il y a","modified":"Mis \u00e0 jour 6 mois il y a"},"absolute_dates":{"created":"Publi\u00e9 le 28 f\u00e9vrier 2018","modified":"Mise \u00e0 jour le 19 octobre 2025"},"absolute_dates_time":{"created":"Publi\u00e9 le 28 f\u00e9vrier 2018 16 h 35 min","modified":"Mise \u00e0 jour le 19 octobre 2025 19 h 20 min"},"featured_img_caption":"","featured_img":false,"series_order":"","_links":{"self":[{"href":"https:\/\/www.echiquierdugatinais.fr\/index.php?rest_route=\/wp\/v2\/pages\/25","targetHints":{"allow":["GET"]}}],"collection":[{"href":"https:\/\/www.echiquierdugatinais.fr\/index.php?rest_route=\/wp\/v2\/pages"}],"about":[{"href":"https:\/\/www.echiquierdugatinais.fr\/index.php?rest_route=\/wp\/v2\/types\/page"}],"author":[{"embeddable":true,"href":"https:\/\/www.echiquierdugatinais.fr\/index.php?rest_route=\/wp\/v2\/users\/4"}],"replies":[{"embeddable":true,"href":"https:\/\/www.echiquierdugatinais.fr\/index.php?rest_route=%2Fwp%2Fv2%2Fcomments&post=25"}],"version-history":[{"count":21,"href":"https:\/\/www.echiquierdugatinais.fr\/index.php?rest_route=\/wp\/v2\/pages\/25\/revisions"}],"predecessor-version":[{"id":1909,"href":"https:\/\/www.echiquierdugatinais.fr\/index.php?rest_route=\/wp\/v2\/pages\/25\/revisions\/1909"}],"up":[{"embeddable":true,"href":"https:\/\/www.echiquierdugatinais.fr\/index.php?rest_route=\/wp\/v2\/pages\/15"}],"wp:attachment":[{"href":"https:\/\/www.echiquierdugatinais.fr\/index.php?rest_route=%2Fwp%2Fv2%2Fmedia&parent=25"}],"curies":[{"name":"wp","href":"https:\/\/api.w.org\/{rel}","templated":true}]}}