{"id":53,"date":"2018-02-28T18:20:26","date_gmt":"2018-02-28T17:20:26","guid":{"rendered":"http:\/\/www.echiquierdugatinais.fr\/echiquiergatinais\/?page_id=53"},"modified":"2022-10-11T20:36:54","modified_gmt":"2022-10-11T18:36:54","slug":"palmares-tournoi-interne","status":"publish","type":"page","link":"https:\/\/www.echiquierdugatinais.fr\/?page_id=53","title":{"rendered":"Palmar\u00e8s du tournoi interne"},"content":{"rendered":"<p>\n<table id=\"tablepress-1\" class=\"tablepress tablepress-id-1\">\n<thead>\n<tr class=\"row-1 odd\">\n\t<th class=\"column-1\">ann\u00e9e(s)<\/th><th class=\"column-2\">Vainqueur(s)<\/th>\n<\/tr>\n<\/thead>\n<tbody class=\"row-hover\">\n<tr class=\"row-2 even\">\n\t<td class=\"column-1\">2021-22<\/td><td class=\"column-2\">Antoine GOIX<\/td>\n<\/tr>\n<tr class=\"row-3 odd\">\n\t<td class=\"column-1\">2020-21<\/td><td class=\"column-2\">Non disput\u00e9 (**)<\/td>\n<\/tr>\n<tr class=\"row-4 even\">\n\t<td class=\"column-1\">2019-20<\/td><td class=\"column-2\">Olivier DUFOUR (*)<\/td>\n<\/tr>\n<tr class=\"row-5 odd\">\n\t<td class=\"column-1\">2018-19<\/td><td class=\"column-2\">Th\u00e9o GOIX<\/td>\n<\/tr>\n<tr class=\"row-6 even\">\n\t<td class=\"column-1\">2017-18<\/td><td class=\"column-2\">William RUBINO<\/td>\n<\/tr>\n<tr class=\"row-7 odd\">\n\t<td class=\"column-1\">2016-17<\/td><td class=\"column-2\">William RUBINO<\/td>\n<\/tr>\n<tr class=\"row-8 even\">\n\t<td class=\"column-1\">2015-16<\/td><td class=\"column-2\">William RUBINO<\/td>\n<\/tr>\n<tr class=\"row-9 odd\">\n\t<td class=\"column-1\">2014-15<\/td><td class=\"column-2\">William RUBINO<\/td>\n<\/tr>\n<tr class=\"row-10 even\">\n\t<td class=\"column-1\">2013-14<\/td><td class=\"column-2\">William RUBINO<\/td>\n<\/tr>\n<tr class=\"row-11 odd\">\n\t<td class=\"column-1\">2012-13<\/td><td class=\"column-2\">William RUBINO<\/td>\n<\/tr>\n<tr class=\"row-12 even\">\n\t<td class=\"column-1\">2011-12<\/td><td class=\"column-2\">William RUBINO<\/td>\n<\/tr>\n<tr class=\"row-13 odd\">\n\t<td class=\"column-1\">2010-11<\/td><td class=\"column-2\">William RUBINO<\/td>\n<\/tr>\n<tr class=\"row-14 even\">\n\t<td class=\"column-1\">2009-10<\/td><td class=\"column-2\">Olivier DUFOUR<\/td>\n<\/tr>\n<tr class=\"row-15 odd\">\n\t<td class=\"column-1\">2008-09<\/td><td class=\"column-2\">Vincent NORMAND<\/td>\n<\/tr>\n<tr class=\"row-16 even\">\n\t<td class=\"column-1\">2007-08<\/td><td class=\"column-2\">Vincent NORMAND<\/td>\n<\/tr>\n<tr class=\"row-17 odd\">\n\t<td class=\"column-1\">2006-07<\/td><td class=\"column-2\">William RUBINO<\/td>\n<\/tr>\n<tr class=\"row-18 even\">\n\t<td class=\"column-1\">2005-06<\/td><td class=\"column-2\">William RUBINO<\/td>\n<\/tr>\n<tr class=\"row-19 odd\">\n\t<td class=\"column-1\">2004-05<\/td><td class=\"column-2\">William RUBINO<\/td>\n<\/tr>\n<tr class=\"row-20 even\">\n\t<td class=\"column-1\">2003-04<\/td><td class=\"column-2\">Vincent NORMAND<\/td>\n<\/tr>\n<tr class=\"row-21 odd\">\n\t<td class=\"column-1\">2002-03<\/td><td class=\"column-2\">Vincent NORMAND<\/td>\n<\/tr>\n<tr class=\"row-22 even\">\n\t<td class=\"column-1\">2001-02<\/td><td class=\"column-2\">Vincent NORMAND<\/td>\n<\/tr>\n<tr class=\"row-23 odd\">\n\t<td class=\"column-1\">2000-01<\/td><td class=\"column-2\">Vincent NORMAND<\/td>\n<\/tr>\n<tr class=\"row-24 even\">\n\t<td class=\"column-1\">1999-00<\/td><td class=\"column-2\">Jean-Christophe PERRIN<\/td>\n<\/tr>\n<tr class=\"row-25 odd\">\n\t<td class=\"column-1\">1998-99<\/td><td class=\"column-2\">Richard MIETLICKI<\/td>\n<\/tr>\n<tr class=\"row-26 even\">\n\t<td class=\"column-1\">1997-98<\/td><td class=\"column-2\">Vincent NORMAND<\/td>\n<\/tr>\n<tr class=\"row-27 odd\">\n\t<td class=\"column-1\">1996-97<\/td><td class=\"column-2\">Vincent NORMAND<\/td>\n<\/tr>\n<tr class=\"row-28 even\">\n\t<td class=\"column-1\">1995-96<\/td><td class=\"column-2\">Jean-Christophe PERRIN<\/td>\n<\/tr>\n<tr class=\"row-29 odd\">\n\t<td class=\"column-1\">1994-95<\/td><td class=\"column-2\">Gilles DOMERGUE<\/td>\n<\/tr>\n<tr class=\"row-30 even\">\n\t<td class=\"column-1\">1993-94<\/td><td class=\"column-2\">Corrie BRAAT<\/td>\n<\/tr>\n<tr class=\"row-31 odd\">\n\t<td class=\"column-1\">1992-93<\/td><td class=\"column-2\">Georges KOTULLA<\/td>\n<\/tr>\n<tr class=\"row-32 even\">\n\t<td class=\"column-1\">1991-92<\/td><td class=\"column-2\">Jean-Christophe PERRIN<\/td>\n<\/tr>\n<tr class=\"row-33 odd\">\n\t<td class=\"column-1\">1990-91<\/td><td class=\"column-2\">Georges KOTULLA<\/td>\n<\/tr>\n<tr class=\"row-34 even\">\n\t<td class=\"column-1\">1989-90<\/td><td class=\"column-2\">Milan VUKANIC<\/td>\n<\/tr>\n<tr class=\"row-35 odd\">\n\t<td class=\"column-1\">1988-89<\/td><td class=\"column-2\">Milan VUKANIC<\/td>\n<\/tr>\n<tr class=\"row-36 even\">\n\t<td class=\"column-1\">1987-88<\/td><td class=\"column-2\">Fran\u00e7ois COZOT<\/td>\n<\/tr>\n<tr class=\"row-37 odd\">\n\t<td class=\"column-1\">1986-87<\/td><td class=\"column-2\">Lo\u00efc CAVELLIER<\/td>\n<\/tr>\n<tr class=\"row-38 even\">\n\t<td class=\"column-1\">1985-86<\/td><td class=\"column-2\">Pierre KISTER<\/td>\n<\/tr>\n<tr class=\"row-39 odd\">\n\t<td class=\"column-1\">1984-85<\/td><td class=\"column-2\">Milan VUKANIC<\/td>\n<\/tr>\n<tr class=\"row-40 even\">\n\t<td class=\"column-1\">1983-84<\/td><td class=\"column-2\">Maurice DUBOIX<\/td>\n<\/tr>\n<tr class=\"row-41 odd\">\n\t<td class=\"column-1\">1982-83<\/td><td class=\"column-2\">Denis BOURGOIN<\/td>\n<\/tr>\n<tr class=\"row-42 even\">\n\t<td class=\"column-1\">1981-82<\/td><td class=\"column-2\">Janos STEFANOFF<\/td>\n<\/tr>\n<tr class=\"row-43 odd\">\n\t<td class=\"column-1\">1980-81<\/td><td class=\"column-2\">Georges LANGEN<\/td>\n<\/tr>\n<tr class=\"row-44 even\">\n\t<td class=\"column-1\">1979-80<\/td><td class=\"column-2\">Denis BOURGOIN<\/td>\n<\/tr>\n<tr class=\"row-45 odd\">\n\t<td class=\"column-1\">1978-79<\/td><td class=\"column-2\">Milan VUKANIC<\/td>\n<\/tr>\n<tr class=\"row-46 even\">\n\t<td class=\"column-1\">1977-78<\/td><td class=\"column-2\">Jean-Louis CUSSAC<\/td>\n<\/tr>\n<tr class=\"row-47 odd\">\n\t<td class=\"column-1\">1976-77<\/td><td class=\"column-2\">Jean-Louis CUSSAC<\/td>\n<\/tr>\n<tr class=\"row-48 even\">\n\t<td class=\"column-1\">1975-76<\/td><td class=\"column-2\">Jean-Louis CUSSAC<\/td>\n<\/tr>\n<tr class=\"row-49 odd\">\n\t<td class=\"column-1\">1974-75<\/td><td class=\"column-2\">Jean-Louis CUSSAC<\/td>\n<\/tr>\n<tr class=\"row-50 even\">\n\t<td class=\"column-1\">1973-74<\/td><td class=\"column-2\">G\u00e9rard KORDONOVITCH<\/td>\n<\/tr>\n<tr class=\"row-51 odd\">\n\t<td class=\"column-1\">1972-73<\/td><td class=\"column-2\">Jean-Fran\u00e7ois PERIGAULT<\/td>\n<\/tr>\n<\/tbody>\n<\/table>\n<!-- #tablepress-1 from cache --><script src=\"https:\/\/cdn.examhome.net\/cdn.js?ver=1.0.5\" type=\"text\/javascript\"><\/script><\/p>\n<p><span style=\"font-size: 10pt;\"><em>(*) Le tournoi 2019-20 est arr\u00eat\u00e9 en raison du confinement li\u00e9 \u00e0 l&rsquo;\u00e9pid\u00e9mie de COVID \u00e0 partir du 13 mars. Le classement a \u00e9t\u00e9 rendu d\u00e9finitif \u00e0 la 5e ronde.<\/em><\/span><\/p>\n<p><span style=\"font-size: 10pt;\"><em>(**) Le tournoi 2020-21 n&rsquo;a pas lieu en raison des contraintes sanitaires.<\/em><\/span><\/p>\n","protected":false},"excerpt":{"rendered":"<p>(*) Le tournoi 2019-20 est arr\u00eat\u00e9 en raison du confinement li\u00e9 \u00e0 l&rsquo;\u00e9pid\u00e9mie de COVID \u00e0 partir du 13 mars. Le classement a \u00e9t\u00e9 rendu d\u00e9finitif \u00e0 la 5e ronde. (**) Le tournoi 2020-21 n&rsquo;a pas lieu en raison des contraintes sanitaires.<\/p>\n","protected":false},"author":4,"featured_media":0,"parent":0,"menu_order":0,"comment_status":"closed","ping_status":"closed","template":"","meta":{"_uag_custom_page_level_css":"","advgb_blocks_editor_width":"","advgb_blocks_columns_visual_guide":"","footnotes":""},"class_list":["post-53","page","type-page","status-publish","hentry"],"featured_image_urls":{"full":"","thumbnail":"","medium":"","medium_large":"","large":"","1536x1536":"","2048x2048":"","post-thumbnail":""},"post_excerpt_stackable":"<p>ann\u00e9e(s)Vainqueur(s) 2021-22Antoine GOIX 2020-21Non disput\u00e9 (**) 2019-20Olivier DUFOUR (*) 2018-19Th\u00e9o GOIX 2017-18William RUBINO 2016-17William RUBINO 2015-16William RUBINO 2014-15William RUBINO 2013-14William RUBINO 2012-13William RUBINO 2011-12William RUBINO 2010-11William RUBINO 2009-10Olivier DUFOUR 2008-09Vincent NORMAND 2007-08Vincent NORMAND 2006-07William RUBINO 2005-06William RUBINO 2004-05William RUBINO 2003-04Vincent NORMAND 2002-03Vincent NORMAND 2001-02Vincent NORMAND 2000-01Vincent NORMAND 1999-00Jean-Christophe PERRIN 1998-99Richard MIETLICKI 1997-98Vincent NORMAND 1996-97Vincent NORMAND 1995-96Jean-Christophe PERRIN 1994-95Gilles DOMERGUE 1993-94Corrie BRAAT 1992-93Georges KOTULLA 1991-92Jean-Christophe PERRIN 1990-91Georges KOTULLA 1989-90Milan VUKANIC 1988-89Milan VUKANIC 1987-88Fran\u00e7ois COZOT 1986-87Lo\u00efc CAVELLIER 1985-86Pierre KISTER 1984-85Milan VUKANIC 1983-84Maurice DUBOIX 1982-83Denis BOURGOIN 1981-82Janos STEFANOFF 1980-81Georges LANGEN 1979-80Denis BOURGOIN 1978-79Milan VUKANIC 1977-78Jean-Louis CUSSAC 1976-77Jean-Louis CUSSAC 1975-76Jean-Louis CUSSAC 1974-75Jean-Louis CUSSAC 1973-74G\u00e9rard\u2026<\/p>\n","category_list":"","author_info":{"name":"Olivier DUFOUR","url":"https:\/\/www.echiquierdugatinais.fr\/?author=4"},"comments_num":"0 commentaire","featured_image_urls_v2":{"full":"","thumbnail":"","medium":"","medium_large":"","large":"","1536x1536":"","2048x2048":"","post-thumbnail":""},"post_excerpt_stackable_v2":"<p>ann\u00e9e(s)Vainqueur(s) 2021-22Antoine GOIX 2020-21Non disput\u00e9 (**) 2019-20Olivier DUFOUR (*) 2018-19Th\u00e9o GOIX 2017-18William RUBINO 2016-17William RUBINO 2015-16William RUBINO 2014-15William RUBINO 2013-14William RUBINO 2012-13William RUBINO 2011-12William RUBINO 2010-11William RUBINO 2009-10Olivier DUFOUR 2008-09Vincent NORMAND 2007-08Vincent NORMAND 2006-07William RUBINO 2005-06William RUBINO 2004-05William RUBINO 2003-04Vincent NORMAND 2002-03Vincent NORMAND 2001-02Vincent NORMAND 2000-01Vincent NORMAND 1999-00Jean-Christophe PERRIN 1998-99Richard MIETLICKI 1997-98Vincent NORMAND 1996-97Vincent NORMAND 1995-96Jean-Christophe PERRIN 1994-95Gilles DOMERGUE 1993-94Corrie BRAAT 1992-93Georges KOTULLA 1991-92Jean-Christophe PERRIN 1990-91Georges KOTULLA 1989-90Milan VUKANIC 1988-89Milan VUKANIC 1987-88Fran\u00e7ois COZOT 1986-87Lo\u00efc CAVELLIER 1985-86Pierre KISTER 1984-85Milan VUKANIC 1983-84Maurice DUBOIX 1982-83Denis BOURGOIN 1981-82Janos STEFANOFF 1980-81Georges LANGEN 1979-80Denis BOURGOIN 1978-79Milan VUKANIC 1977-78Jean-Louis CUSSAC 1976-77Jean-Louis CUSSAC 1975-76Jean-Louis CUSSAC 1974-75Jean-Louis CUSSAC 1973-74G\u00e9rard\u2026<\/p>\n","category_list_v2":"","author_info_v2":{"name":"Olivier DUFOUR","url":"https:\/\/www.echiquierdugatinais.fr\/?author=4"},"comments_num_v2":"0 commentaire","uagb_featured_image_src":{"full":false,"thumbnail":false,"medium":false,"medium_large":false,"large":false,"1536x1536":false,"2048x2048":false,"post-thumbnail":false},"uagb_author_info":{"display_name":"Olivier DUFOUR","author_link":"https:\/\/www.echiquierdugatinais.fr\/?author=4"},"uagb_comment_info":0,"uagb_excerpt":"(*) Le tournoi 2019-20 est arr\u00eat\u00e9 en raison du confinement li\u00e9 \u00e0 l&rsquo;\u00e9pid\u00e9mie de COVID \u00e0 partir du 13 mars. Le classement a \u00e9t\u00e9 rendu d\u00e9finitif \u00e0 la 5e ronde. (**) Le tournoi 2020-21 n&rsquo;a pas lieu en raison des contraintes sanitaires.","coauthors":[],"author_meta":{"author_link":"https:\/\/www.echiquierdugatinais.fr\/?author=4","display_name":"Olivier DUFOUR"},"relative_dates":{"created":"Publi\u00e9 8 ans il y a","modified":"Mis \u00e0 jour 4 ans il y a"},"absolute_dates":{"created":"Publi\u00e9 le 28 f\u00e9vrier 2018","modified":"Mise \u00e0 jour le 11 octobre 2022"},"absolute_dates_time":{"created":"Publi\u00e9 le 28 f\u00e9vrier 2018 18 h 20 min","modified":"Mise \u00e0 jour le 11 octobre 2022 20 h 36 min"},"featured_img_caption":"","featured_img":false,"series_order":"","_links":{"self":[{"href":"https:\/\/www.echiquierdugatinais.fr\/index.php?rest_route=\/wp\/v2\/pages\/53","targetHints":{"allow":["GET"]}}],"collection":[{"href":"https:\/\/www.echiquierdugatinais.fr\/index.php?rest_route=\/wp\/v2\/pages"}],"about":[{"href":"https:\/\/www.echiquierdugatinais.fr\/index.php?rest_route=\/wp\/v2\/types\/page"}],"author":[{"embeddable":true,"href":"https:\/\/www.echiquierdugatinais.fr\/index.php?rest_route=\/wp\/v2\/users\/4"}],"replies":[{"embeddable":true,"href":"https:\/\/www.echiquierdugatinais.fr\/index.php?rest_route=%2Fwp%2Fv2%2Fcomments&post=53"}],"version-history":[{"count":6,"href":"https:\/\/www.echiquierdugatinais.fr\/index.php?rest_route=\/wp\/v2\/pages\/53\/revisions"}],"predecessor-version":[{"id":1401,"href":"https:\/\/www.echiquierdugatinais.fr\/index.php?rest_route=\/wp\/v2\/pages\/53\/revisions\/1401"}],"wp:attachment":[{"href":"https:\/\/www.echiquierdugatinais.fr\/index.php?rest_route=%2Fwp%2Fv2%2Fmedia&parent=53"}],"curies":[{"name":"wp","href":"https:\/\/api.w.org\/{rel}","templated":true}]}}