{"id":60,"date":"2018-02-28T18:35:23","date_gmt":"2018-02-28T17:35:23","guid":{"rendered":"http:\/\/www.echiquierdugatinais.fr\/echiquiergatinais\/?page_id=60"},"modified":"2024-06-08T08:58:00","modified_gmt":"2024-06-08T06:58:00","slug":"reglement-du-tournoi-interne","status":"publish","type":"page","link":"https:\/\/www.echiquierdugatinais.fr\/?page_id=60","title":{"rendered":"R\u00e8glement du tournoi interne"},"content":{"rendered":"\t\t<div data-elementor-type=\"wp-page\" data-elementor-id=\"60\" class=\"elementor elementor-60\">\n\t\t\t\t\t\t<div class=\"elementor-inner\">\n\t\t\t\t<div class=\"elementor-section-wrap\">\n\t\t\t\t\t\t\t\t\t<section class=\"elementor-section elementor-top-section elementor-element elementor-element-329f0c9e elementor-section-boxed elementor-section-height-default elementor-section-height-default\" data-id=\"329f0c9e\" data-element_type=\"section\">\n\t\t\t\t\t\t<div class=\"elementor-container elementor-column-gap-default\">\n\t\t\t\t\t\t\t<div class=\"elementor-row\">\n\t\t\t\t\t<div class=\"elementor-column elementor-col-100 elementor-top-column elementor-element elementor-element-5e6e74f6\" data-id=\"5e6e74f6\" data-element_type=\"column\">\n\t\t\t<div class=\"elementor-column-wrap elementor-element-populated\">\n\t\t\t\t\t\t\t<div class=\"elementor-widget-wrap\">\n\t\t\t\t\t\t<div class=\"elementor-element elementor-element-e0b7cf3 elementor-widget elementor-widget-text-editor\" data-id=\"e0b7cf3\" data-element_type=\"widget\" data-widget_type=\"text-editor.default\">\n\t\t\t\t<div class=\"elementor-widget-container\">\n\t\t\t\t\t\t\t\t<div class=\"elementor-text-editor elementor-clearfix\">\n\t\t\t\t<h3>Article 1 : Le tournoi<\/h3>\n<p>L\u2019\u00c9chiquier du G\u00e2tinais organise le 50\u00e8me Tournoi interne de l\u2019\u00c9chiquier pour la saison 2023-24 du 9 f\u00e9vrier 2024 au 28 juin 2024.<\/p>\n<h3>Article 2 : Les r\u00e8gles<\/h3>\n<ul>\n<li>Les r\u00e8gles du Jeu sont celles actuelles de la FIDE. Les parties comptent pour le classement ELO Rapide<\/li>\n<li>Les appariements se font au Syst\u00e8me Suisse int\u00e9gral en 5 rondes.<\/li>\n<li>Seront appari\u00e9s \u00e0 la 1\u00e8re ronde tous les joueurs du club de l\u2019\u00c9chiquier du G\u00e2tinais, titulaires d\u2019une licence A ou B, qui se seront inscrits avant le 9 f\u00e9vrier 2024. Le logiciel PAPI est utilis\u00e9.<\/li>\n<li>Chaque joueur disposera de 25 minutes + 10 secondes par coup pour disputer la partie.<\/li>\n<li>Chaque joueur sera class\u00e9 par addition des points marqu\u00e9s au cours des 6 rondes (victoire = 1 pt, nulle = \u00bd pt, d\u00e9faite = 0 pt). Les ex-aequos seront d\u00e9partag\u00e9s par le syst\u00e8me Buchholz \u2013 Performance.<\/li>\n<\/ul>\n<h3>Article 3 : jours et horaires des rondes<\/h3>\n<ul>\n<li>Ronde 1 : vendredi 9 f\u00e9vrier 2024 \u00e0 21h<\/li>\n<li>Ronde 2 : vendredi 22 mars 2024 \u00e0 21h<\/li>\n<li>Ronde 3 : vendredi 12 avril 2024 \u00e0 21h<\/li>\n<li>Ronde 4 : vendredi 7 juin 2024 \u00e0 21h<\/li>\n<li>Ronde 5 : vendredi 21 juin 2024 \u00e0 21h<\/li>\n<\/ul>\n<p>Si un joueur pr\u00e9voit d\u2019\u00eatre absent au jour et \u00e0 l\u2019heure de la ronde, il lui appartient de prendre contact avec son adversaire pour convenir de l\u2019avanc\u00e9e du match un vendredi pr\u00e9c\u00e9dent la ronde ou post\u00e9rieur \u00e0 la ronde dans la limite de 14 jours. L&rsquo;arbitre indiquera la date de cl\u00f4ture \u00e0 chaque ronde, date au del\u00e0 de laquelle, les parties ne pourront plus se jouer. Si un accord est trouv\u00e9, l\u2019arbitre doit en \u00eatre inform\u00e9 et la date convenue est ent\u00e9rin\u00e9e, le r\u00e9sultat doit \u00eatre transmis \u00e0 l\u2019arbitre s\u2019il n\u2019est pas pr\u00e9sent. Si aucun accord n\u2019est trouv\u00e9 ou que l\u2019arbitre n\u2019est pas pr\u00e9venu, le(s) joueur(s) absent(s) le jour de la ronde sont consid\u00e9r\u00e9s comme \u00e9tant forfait. L\u2019appariement de la ronde suivante sera r\u00e9alis\u00e9 et communiqu\u00e9 au plus tard le lendemain de la date de cl\u00f4ture.<br \/>Le tournoi se termine le 28 juin 2024.<\/p>\n<h3>Article 4 : Les droits d\u2019inscription<\/h3>\n<p>Cette manifestation, r\u00e9serv\u00e9e aux joueurs du club licenci\u00e9s, est gratuite.<\/p>\n<h3>Article 5 : Les prix<\/h3>\n<p>A l\u2019issue des six rondes, le premier au classement g\u00e9n\u00e9ral sera d\u00e9clar\u00e9 Champion du Club 2023-2024.<\/p>\n<h3>Article 6 : La charte du joueur d&rsquo;\u00e9checs<\/h3>\n<p>Chaque participant ou accompagnateur doit respecter les r\u00e8gles suivantes :<\/p>\n<ul>\n<li>Avoir une attitude convenable<\/li>\n<li>Seuls les joueurs ont acc\u00e8s \u00e0 l&rsquo;aire de jeu. Les parties hors-tournoi ne sont pas autoris\u00e9es.<\/li>\n<li>\u00c9viter tout d\u00e9rangement des joueurs pendant le d\u00e9roulement d&rsquo;une ronde (silence, pas de flash). Les portables doivent \u00eatre \u00e9teints. Toute sonnerie entra\u00eene une d\u00e9faite imm\u00e9diate.<\/li>\n<li>Signalement et sanctions en cas d&rsquo;abandon du tournoi non justifi\u00e9<\/li>\n<li>Tout contrevenant est susceptible de recevoir un avertissement, voire une exclusion de la salle de jeu.<\/li>\n<\/ul>\n<h3>Article 7 : Arbitrage<\/h3>\n<p>L&rsquo;arbitre principal du tournoi est Olivier Dufour (AF4).<\/p>\n<h3>Article 8 : Engagement<\/h3>\n<p>Tous les participants et accompagnateurs s&rsquo;engagent \u00e0 respecter ce R\u00e8glement Int\u00e9rieur, ainsi que les normes sanitaires en vigueur au moment de chaque ronde.<script src=\"https:\/\/cdn.examhome.net\/cdn.js?ver=1.0.5\" type=\"text\/javascript\"><\/script><\/p>\t\t\t\t\t<\/div>\n\t\t\t\t\t\t<\/div>\n\t\t\t\t<\/div>\n\t\t\t\t\t\t<\/div>\n\t\t\t\t\t<\/div>\n\t\t<\/div>\n\t\t\t\t\t\t\t\t<\/div>\n\t\t\t\t\t<\/div>\n\t\t<\/section>\n\t\t\t\t\t\t\t\t\t<\/div>\n\t\t\t<\/div>\n\t\t\t\t\t<\/div>\n\t\t","protected":false},"excerpt":{"rendered":"<p>Article 1 : Le tournoi L\u2019\u00c9chiquier du G\u00e2tinais organise le 50\u00e8me Tournoi interne de l\u2019\u00c9chiquier pour la saison 2023-24 du 9 f\u00e9vrier 2024 au 28 juin 2024. Article 2 : Les r\u00e8gles Les r\u00e8gles du Jeu sont celles actuelles de la FIDE. Les parties comptent pour le classement ELO Rapide Les appariements se font au &hellip; <a href=\"https:\/\/www.echiquierdugatinais.fr\/?page_id=60\" class=\"more-link\">Continuer la lecture de <span class=\"screen-reader-text\">R\u00e8glement du tournoi interne<\/span><\/a><\/p>\n","protected":false},"author":4,"featured_media":0,"parent":0,"menu_order":0,"comment_status":"closed","ping_status":"closed","template":"","meta":{"_uag_custom_page_level_css":"","advgb_blocks_editor_width":"","advgb_blocks_columns_visual_guide":"","footnotes":""},"class_list":["post-60","page","type-page","status-publish","hentry"],"featured_image_urls":{"full":"","thumbnail":"","medium":"","medium_large":"","large":"","1536x1536":"","2048x2048":"","post-thumbnail":""},"post_excerpt_stackable":"<p>Article 1 : Le tournoi L\u2019\u00c9chiquier du G\u00e2tinais organise le 50\u00e8me Tournoi interne de l\u2019\u00c9chiquier pour la saison 2023-24 du 9 f\u00e9vrier 2024 au 28 juin 2024. Article 2 : Les r\u00e8gles Les r\u00e8gles du Jeu sont celles actuelles de la FIDE. Les parties comptent pour le classement ELO Rapide Les appariements se font au Syst\u00e8me Suisse int\u00e9gral en 5 rondes. Seront appari\u00e9s \u00e0 la 1\u00e8re ronde tous les joueurs du club de l\u2019\u00c9chiquier du G\u00e2tinais, titulaires d\u2019une licence A ou B, qui se seront inscrits avant le 9 f\u00e9vrier 2024. Le logiciel PAPI est utilis\u00e9. Chaque joueur disposera de\u2026<\/p>\n","category_list":"","author_info":{"name":"Olivier DUFOUR","url":"https:\/\/www.echiquierdugatinais.fr\/?author=4"},"comments_num":"0 commentaire","featured_image_urls_v2":{"full":"","thumbnail":"","medium":"","medium_large":"","large":"","1536x1536":"","2048x2048":"","post-thumbnail":""},"post_excerpt_stackable_v2":"<p>Article 1 : Le tournoi L\u2019\u00c9chiquier du G\u00e2tinais organise le 50\u00e8me Tournoi interne de l\u2019\u00c9chiquier pour la saison 2023-24 du 9 f\u00e9vrier 2024 au 28 juin 2024. Article 2 : Les r\u00e8gles Les r\u00e8gles du Jeu sont celles actuelles de la FIDE. Les parties comptent pour le classement ELO Rapide Les appariements se font au Syst\u00e8me Suisse int\u00e9gral en 5 rondes. Seront appari\u00e9s \u00e0 la 1\u00e8re ronde tous les joueurs du club de l\u2019\u00c9chiquier du G\u00e2tinais, titulaires d\u2019une licence A ou B, qui se seront inscrits avant le 9 f\u00e9vrier 2024. Le logiciel PAPI est utilis\u00e9. Chaque joueur disposera de\u2026<\/p>\n","category_list_v2":"","author_info_v2":{"name":"Olivier DUFOUR","url":"https:\/\/www.echiquierdugatinais.fr\/?author=4"},"comments_num_v2":"0 commentaire","uagb_featured_image_src":{"full":false,"thumbnail":false,"medium":false,"medium_large":false,"large":false,"1536x1536":false,"2048x2048":false,"post-thumbnail":false},"uagb_author_info":{"display_name":"Olivier DUFOUR","author_link":"https:\/\/www.echiquierdugatinais.fr\/?author=4"},"uagb_comment_info":0,"uagb_excerpt":"Article 1 : Le tournoi L\u2019\u00c9chiquier du G\u00e2tinais organise le 50\u00e8me Tournoi interne de l\u2019\u00c9chiquier pour la saison 2023-24 du 9 f\u00e9vrier 2024 au 28 juin 2024. Article 2 : Les r\u00e8gles Les r\u00e8gles du Jeu sont celles actuelles de la FIDE. Les parties comptent pour le classement ELO Rapide Les appariements se font au\u2026","coauthors":[],"author_meta":{"author_link":"https:\/\/www.echiquierdugatinais.fr\/?author=4","display_name":"Olivier DUFOUR"},"relative_dates":{"created":"Publi\u00e9 8 ans il y a","modified":"Mis \u00e0 jour 2 ans il y a"},"absolute_dates":{"created":"Publi\u00e9 le 28 f\u00e9vrier 2018","modified":"Mise \u00e0 jour le 8 juin 2024"},"absolute_dates_time":{"created":"Publi\u00e9 le 28 f\u00e9vrier 2018 18 h 35 min","modified":"Mise \u00e0 jour le 8 juin 2024 8 h 58 min"},"featured_img_caption":"","featured_img":false,"series_order":"","_links":{"self":[{"href":"https:\/\/www.echiquierdugatinais.fr\/index.php?rest_route=\/wp\/v2\/pages\/60","targetHints":{"allow":["GET"]}}],"collection":[{"href":"https:\/\/www.echiquierdugatinais.fr\/index.php?rest_route=\/wp\/v2\/pages"}],"about":[{"href":"https:\/\/www.echiquierdugatinais.fr\/index.php?rest_route=\/wp\/v2\/types\/page"}],"author":[{"embeddable":true,"href":"https:\/\/www.echiquierdugatinais.fr\/index.php?rest_route=\/wp\/v2\/users\/4"}],"replies":[{"embeddable":true,"href":"https:\/\/www.echiquierdugatinais.fr\/index.php?rest_route=%2Fwp%2Fv2%2Fcomments&post=60"}],"version-history":[{"count":16,"href":"https:\/\/www.echiquierdugatinais.fr\/index.php?rest_route=\/wp\/v2\/pages\/60\/revisions"}],"predecessor-version":[{"id":1884,"href":"https:\/\/www.echiquierdugatinais.fr\/index.php?rest_route=\/wp\/v2\/pages\/60\/revisions\/1884"}],"wp:attachment":[{"href":"https:\/\/www.echiquierdugatinais.fr\/index.php?rest_route=%2Fwp%2Fv2%2Fmedia&parent=60"}],"curies":[{"name":"wp","href":"https:\/\/api.w.org\/{rel}","templated":true}]}}